{"id":6110,"date":"2025-03-17T15:24:07","date_gmt":"2025-03-17T15:24:07","guid":{"rendered":"https:\/\/secretcraftz.com\/?post_type=product&#038;p=6110"},"modified":"2025-03-17T17:02:29","modified_gmt":"2025-03-17T17:02:29","slug":"grzebien-lazienkowy-czerwien","status":"publish","type":"product","link":"https:\/\/secretcraftz.com\/index.php\/product\/grzebien-lazienkowy-czerwien\/","title":{"rendered":"grzebie\u0144 \u0142azienkowy czerwie\u0144"},"content":{"rendered":"<p>Wykonany w technice tuftingu, z czystej we\u0142ny, dywanik z podmorskim grzebykiem w rozmiarze oko\u0142o 83&#215;63 cm. Podklejony antypo\u015blizgowym filcem.<\/p>\n<p>Nadaje si\u0119 na ogrzewane pod\u0142ogi, a tym zimnym dodaje ciepe\u0142ka. Wspania\u0142y pod wann\u0119 albo kabin\u0119 prysznicow\u0105.<\/p>\n<p>Mo\u017cna odkurza\u0107 i czy\u015bci\u0107 na mokro. Nie pra\u0107 w pralce, ani nie wirowa\u0107.<\/p>\n<p>Dost\u0119pna jedna sztuka.<\/p>\n<p>&nbsp;<\/p>\n<p>&nbsp;<\/p>\n","protected":false},"excerpt":{"rendered":"<p>Kolory dla wn\u0119trza<\/p>\n","protected":false},"featured_media":6120,"comment_status":"open","ping_status":"closed","template":"","meta":[],"product_cat":[80],"product_tag":[],"yoast_head":"<!-- This site is optimized with the Yoast SEO plugin v20.0 - https:\/\/yoast.com\/wordpress\/plugins\/seo\/ -->\n<title>grzebie\u0144 \u0142azienkowy czerwie\u0144 -<\/title>\n<meta name=\"robots\" content=\"index, follow, max-snippet:-1, max-image-preview:large, max-video-preview:-1\" \/>\n<link rel=\"canonical\" href=\"https:\/\/secretcraftz.com\/index.php\/product\/grzebien-lazienkowy-czerwien\/\" \/>\n<meta property=\"og:locale\" content=\"pl_PL\" \/>\n<meta property=\"og:type\" content=\"article\" \/>\n<meta property=\"og:title\" content=\"grzebie\u0144 \u0142azienkowy czerwie\u0144 -\" \/>\n<meta property=\"og:description\" content=\"Kolory dla wn\u0119trza\" \/>\n<meta property=\"og:url\" content=\"https:\/\/secretcraftz.com\/index.php\/product\/grzebien-lazienkowy-czerwien\/\" \/>\n<meta property=\"article:modified_time\" content=\"2025-03-17T17:02:29+00:00\" \/>\n<meta property=\"og:image\" content=\"https:\/\/secretcraftz.com\/wp-content\/uploads\/2025\/03\/IMG_0045-2-scaled.jpg\" \/>\n\t<meta property=\"og:image:width\" content=\"2560\" \/>\n\t<meta property=\"og:image:height\" content=\"2180\" \/>\n\t<meta property=\"og:image:type\" content=\"image\/jpeg\" \/>\n<meta name=\"twitter:card\" content=\"summary_large_image\" \/>\n<meta name=\"twitter:label1\" content=\"Szacowany czas czytania\" \/>\n\t<meta name=\"twitter:data1\" content=\"1 minuta\" \/>\n<script type=\"application\/ld+json\" class=\"yoast-schema-graph\">{\"@context\":\"https:\/\/schema.org\",\"@graph\":[{\"@type\":\"WebPage\",\"@id\":\"https:\/\/secretcraftz.com\/index.php\/product\/grzebien-lazienkowy-czerwien\/\",\"url\":\"https:\/\/secretcraftz.com\/index.php\/product\/grzebien-lazienkowy-czerwien\/\",\"name\":\"grzebie\u0144 \u0142azienkowy czerwie\u0144 -\",\"isPartOf\":{\"@id\":\"https:\/\/secretcraftz.com\/#website\"},\"datePublished\":\"2025-03-17T15:24:07+00:00\",\"dateModified\":\"2025-03-17T17:02:29+00:00\",\"breadcrumb\":{\"@id\":\"https:\/\/secretcraftz.com\/index.php\/product\/grzebien-lazienkowy-czerwien\/#breadcrumb\"},\"inLanguage\":\"pl-PL\",\"potentialAction\":[{\"@type\":\"ReadAction\",\"target\":[\"https:\/\/secretcraftz.com\/index.php\/product\/grzebien-lazienkowy-czerwien\/\"]}]},{\"@type\":\"BreadcrumbList\",\"@id\":\"https:\/\/secretcraftz.com\/index.php\/product\/grzebien-lazienkowy-czerwien\/#breadcrumb\",\"itemListElement\":[{\"@type\":\"ListItem\",\"position\":1,\"name\":\"Strona g\u0142\u00f3wna\",\"item\":\"https:\/\/secretcraftz.com\/\"},{\"@type\":\"ListItem\",\"position\":2,\"name\":\"Sklepik\",\"item\":\"https:\/\/secretcraftz.com\/\"},{\"@type\":\"ListItem\",\"position\":3,\"name\":\"grzebie\u0144 \u0142azienkowy czerwie\u0144\"}]},{\"@type\":\"WebSite\",\"@id\":\"https:\/\/secretcraftz.com\/#website\",\"url\":\"https:\/\/secretcraftz.com\/\",\"name\":\"\",\"description\":\"\",\"publisher\":{\"@id\":\"https:\/\/secretcraftz.com\/#organization\"},\"alternateName\":\"sklepik z welnianym r\u0119kodzie\u0142em\",\"potentialAction\":[{\"@type\":\"SearchAction\",\"target\":{\"@type\":\"EntryPoint\",\"urlTemplate\":\"https:\/\/secretcraftz.com\/?s={search_term_string}\"},\"query-input\":\"required name=search_term_string\"}],\"inLanguage\":\"pl-PL\"},{\"@type\":\"Organization\",\"@id\":\"https:\/\/secretcraftz.com\/#organization\",\"name\":\"Secret craftz\",\"alternateName\":\"we\u0142niane r\u0119kodzie\u0142o\",\"url\":\"https:\/\/secretcraftz.com\/\",\"logo\":{\"@type\":\"ImageObject\",\"inLanguage\":\"pl-PL\",\"@id\":\"https:\/\/secretcraftz.com\/#\/schema\/logo\/image\/\",\"url\":\"https:\/\/secretcraftz.com\/wp-content\/uploads\/2023\/01\/cropped-cropped-SECRET-CRAFTZ-2-1.png\",\"contentUrl\":\"https:\/\/secretcraftz.com\/wp-content\/uploads\/2023\/01\/cropped-cropped-SECRET-CRAFTZ-2-1.png\",\"width\":275,\"height\":152,\"caption\":\"Secret craftz\"},\"image\":{\"@id\":\"https:\/\/secretcraftz.com\/#\/schema\/logo\/image\/\"},\"sameAs\":[\"https:\/\/www.instagram.com\/secretcraftz\/\"]}]}<\/script>\n<!-- \/ Yoast SEO plugin. -->","yoast_head_json":{"title":"grzebie\u0144 \u0142azienkowy czerwie\u0144 -","robots":{"index":"index","follow":"follow","max-snippet":"max-snippet:-1","max-image-preview":"max-image-preview:large","max-video-preview":"max-video-preview:-1"},"canonical":"https:\/\/secretcraftz.com\/index.php\/product\/grzebien-lazienkowy-czerwien\/","og_locale":"pl_PL","og_type":"article","og_title":"grzebie\u0144 \u0142azienkowy czerwie\u0144 -","og_description":"Kolory dla wn\u0119trza","og_url":"https:\/\/secretcraftz.com\/index.php\/product\/grzebien-lazienkowy-czerwien\/","article_modified_time":"2025-03-17T17:02:29+00:00","og_image":[{"width":2560,"height":2180,"url":"https:\/\/secretcraftz.com\/wp-content\/uploads\/2025\/03\/IMG_0045-2-scaled.jpg","type":"image\/jpeg"}],"twitter_card":"summary_large_image","twitter_misc":{"Szacowany czas czytania":"1 minuta"},"schema":{"@context":"https:\/\/schema.org","@graph":[{"@type":"WebPage","@id":"https:\/\/secretcraftz.com\/index.php\/product\/grzebien-lazienkowy-czerwien\/","url":"https:\/\/secretcraftz.com\/index.php\/product\/grzebien-lazienkowy-czerwien\/","name":"grzebie\u0144 \u0142azienkowy czerwie\u0144 -","isPartOf":{"@id":"https:\/\/secretcraftz.com\/#website"},"datePublished":"2025-03-17T15:24:07+00:00","dateModified":"2025-03-17T17:02:29+00:00","breadcrumb":{"@id":"https:\/\/secretcraftz.com\/index.php\/product\/grzebien-lazienkowy-czerwien\/#breadcrumb"},"inLanguage":"pl-PL","potentialAction":[{"@type":"ReadAction","target":["https:\/\/secretcraftz.com\/index.php\/product\/grzebien-lazienkowy-czerwien\/"]}]},{"@type":"BreadcrumbList","@id":"https:\/\/secretcraftz.com\/index.php\/product\/grzebien-lazienkowy-czerwien\/#breadcrumb","itemListElement":[{"@type":"ListItem","position":1,"name":"Strona g\u0142\u00f3wna","item":"https:\/\/secretcraftz.com\/"},{"@type":"ListItem","position":2,"name":"Sklepik","item":"https:\/\/secretcraftz.com\/"},{"@type":"ListItem","position":3,"name":"grzebie\u0144 \u0142azienkowy czerwie\u0144"}]},{"@type":"WebSite","@id":"https:\/\/secretcraftz.com\/#website","url":"https:\/\/secretcraftz.com\/","name":"","description":"","publisher":{"@id":"https:\/\/secretcraftz.com\/#organization"},"alternateName":"sklepik z welnianym r\u0119kodzie\u0142em","potentialAction":[{"@type":"SearchAction","target":{"@type":"EntryPoint","urlTemplate":"https:\/\/secretcraftz.com\/?s={search_term_string}"},"query-input":"required name=search_term_string"}],"inLanguage":"pl-PL"},{"@type":"Organization","@id":"https:\/\/secretcraftz.com\/#organization","name":"Secret craftz","alternateName":"we\u0142niane r\u0119kodzie\u0142o","url":"https:\/\/secretcraftz.com\/","logo":{"@type":"ImageObject","inLanguage":"pl-PL","@id":"https:\/\/secretcraftz.com\/#\/schema\/logo\/image\/","url":"https:\/\/secretcraftz.com\/wp-content\/uploads\/2023\/01\/cropped-cropped-SECRET-CRAFTZ-2-1.png","contentUrl":"https:\/\/secretcraftz.com\/wp-content\/uploads\/2023\/01\/cropped-cropped-SECRET-CRAFTZ-2-1.png","width":275,"height":152,"caption":"Secret craftz"},"image":{"@id":"https:\/\/secretcraftz.com\/#\/schema\/logo\/image\/"},"sameAs":["https:\/\/www.instagram.com\/secretcraftz\/"]}]}},"_links":{"self":[{"href":"https:\/\/secretcraftz.com\/index.php\/wp-json\/wp\/v2\/product\/6110"}],"collection":[{"href":"https:\/\/secretcraftz.com\/index.php\/wp-json\/wp\/v2\/product"}],"about":[{"href":"https:\/\/secretcraftz.com\/index.php\/wp-json\/wp\/v2\/types\/product"}],"replies":[{"embeddable":true,"href":"https:\/\/secretcraftz.com\/index.php\/wp-json\/wp\/v2\/comments?post=6110"}],"wp:featuredmedia":[{"embeddable":true,"href":"https:\/\/secretcraftz.com\/index.php\/wp-json\/wp\/v2\/media\/6120"}],"wp:attachment":[{"href":"https:\/\/secretcraftz.com\/index.php\/wp-json\/wp\/v2\/media?parent=6110"}],"wp:term":[{"taxonomy":"product_cat","embeddable":true,"href":"https:\/\/secretcraftz.com\/index.php\/wp-json\/wp\/v2\/product_cat?post=6110"},{"taxonomy":"product_tag","embeddable":true,"href":"https:\/\/secretcraftz.com\/index.php\/wp-json\/wp\/v2\/product_tag?post=6110"}],"curies":[{"name":"wp","href":"https:\/\/api.w.org\/{rel}","templated":true}]}}