{"id":5971,"date":"2024-02-11T14:02:10","date_gmt":"2024-02-11T14:02:10","guid":{"rendered":"https:\/\/secretcraftz.com\/?post_type=product&#038;p=5971"},"modified":"2025-04-13T02:49:20","modified_gmt":"2025-04-13T02:49:20","slug":"moherowy-kapturek","status":"publish","type":"product","link":"https:\/\/secretcraftz.com\/index.php\/product\/moherowy-kapturek\/","title":{"rendered":"moherowy kapturek"},"content":{"rendered":"<p>Robiony na szyde\u0142ku z najdelikatniejszego moherku mieszanego z jedwabiem. Dost\u0119pne r\u00f3\u017cne wersje kolorystyczne. Mi\u0119ciutki i cieplutki. Sprawdzony nawet przy -20-stopniowych norweskich mrozach.<\/p>\n<p>Kapturki s\u0105 rozci\u0105gliwe i pasuj\u0105 na wi\u0119kszo\u015b\u0107 ludzkich g\u0142\u00f3w.<\/p>\n<p>Nosi\u0107 z szacunkiem, a zachowaj\u0105 mi\u0119kko\u015b\u0107 i styl na d\u0142ugo.<\/p>\n<p>Czas oczekiwania na kapturek to oko\u0142o tydzie\u0144. Ka\u017cdy wykonuj\u0119 r\u0119cznie z dba\u0142o\u015bci\u0105 o detal.<\/p>\n","protected":false},"excerpt":{"rendered":"<p>Robiony na szyde\u0142ku z najdelikatniejszego moherku mieszanego z jedwabiem. Dost\u0119pne r\u00f3\u017cne wersje kolorystyczne. Mi\u0119ciutki i cieplutki. Sprawdzony nawet przy -20-stopniowych norweskich mrozach. Kapturki s\u0105 rozci\u0105gliwe i pasuj\u0105 na wi\u0119kszo\u015b\u0107 ludzkich [&hellip;]<\/p>\n","protected":false},"featured_media":5978,"comment_status":"open","ping_status":"closed","template":"","meta":[],"product_cat":[108],"product_tag":[],"yoast_head":"<!-- This site is optimized with the Yoast SEO plugin v20.0 - https:\/\/yoast.com\/wordpress\/plugins\/seo\/ -->\n<title>moherowy kapturek -<\/title>\n<meta name=\"robots\" content=\"index, follow, max-snippet:-1, max-image-preview:large, max-video-preview:-1\" \/>\n<link rel=\"canonical\" href=\"https:\/\/secretcraftz.com\/index.php\/product\/moherowy-kapturek\/\" \/>\n<meta property=\"og:locale\" content=\"pl_PL\" \/>\n<meta property=\"og:type\" content=\"article\" \/>\n<meta property=\"og:title\" content=\"moherowy kapturek -\" \/>\n<meta property=\"og:description\" content=\"Robiony na szyde\u0142ku z najdelikatniejszego moherku mieszanego z jedwabiem. Dost\u0119pne r\u00f3\u017cne wersje kolorystyczne. Mi\u0119ciutki i cieplutki. Sprawdzony nawet przy -20-stopniowych norweskich mrozach. Kapturki s\u0105 rozci\u0105gliwe i pasuj\u0105 na wi\u0119kszo\u015b\u0107 ludzkich [&hellip;]\" \/>\n<meta property=\"og:url\" content=\"https:\/\/secretcraftz.com\/index.php\/product\/moherowy-kapturek\/\" \/>\n<meta property=\"article:modified_time\" content=\"2025-04-13T02:49:20+00:00\" \/>\n<meta property=\"og:image\" content=\"https:\/\/secretcraftz.com\/wp-content\/uploads\/2024\/02\/IMG_9965-scaled.jpg\" \/>\n\t<meta property=\"og:image:width\" content=\"2560\" \/>\n\t<meta property=\"og:image:height\" content=\"1707\" \/>\n\t<meta property=\"og:image:type\" content=\"image\/jpeg\" \/>\n<meta name=\"twitter:card\" content=\"summary_large_image\" \/>\n<meta name=\"twitter:label1\" content=\"Szacowany czas czytania\" \/>\n\t<meta name=\"twitter:data1\" content=\"1 minuta\" \/>\n<script type=\"application\/ld+json\" class=\"yoast-schema-graph\">{\"@context\":\"https:\/\/schema.org\",\"@graph\":[{\"@type\":\"WebPage\",\"@id\":\"https:\/\/secretcraftz.com\/index.php\/product\/moherowy-kapturek\/\",\"url\":\"https:\/\/secretcraftz.com\/index.php\/product\/moherowy-kapturek\/\",\"name\":\"moherowy kapturek -\",\"isPartOf\":{\"@id\":\"https:\/\/secretcraftz.com\/#website\"},\"datePublished\":\"2024-02-11T14:02:10+00:00\",\"dateModified\":\"2025-04-13T02:49:20+00:00\",\"breadcrumb\":{\"@id\":\"https:\/\/secretcraftz.com\/index.php\/product\/moherowy-kapturek\/#breadcrumb\"},\"inLanguage\":\"pl-PL\",\"potentialAction\":[{\"@type\":\"ReadAction\",\"target\":[\"https:\/\/secretcraftz.com\/index.php\/product\/moherowy-kapturek\/\"]}]},{\"@type\":\"BreadcrumbList\",\"@id\":\"https:\/\/secretcraftz.com\/index.php\/product\/moherowy-kapturek\/#breadcrumb\",\"itemListElement\":[{\"@type\":\"ListItem\",\"position\":1,\"name\":\"Strona g\u0142\u00f3wna\",\"item\":\"https:\/\/secretcraftz.com\/\"},{\"@type\":\"ListItem\",\"position\":2,\"name\":\"Sklepik\",\"item\":\"https:\/\/secretcraftz.com\/\"},{\"@type\":\"ListItem\",\"position\":3,\"name\":\"moherowy kapturek\"}]},{\"@type\":\"WebSite\",\"@id\":\"https:\/\/secretcraftz.com\/#website\",\"url\":\"https:\/\/secretcraftz.com\/\",\"name\":\"\",\"description\":\"\",\"publisher\":{\"@id\":\"https:\/\/secretcraftz.com\/#organization\"},\"alternateName\":\"sklepik z welnianym r\u0119kodzie\u0142em\",\"potentialAction\":[{\"@type\":\"SearchAction\",\"target\":{\"@type\":\"EntryPoint\",\"urlTemplate\":\"https:\/\/secretcraftz.com\/?s={search_term_string}\"},\"query-input\":\"required name=search_term_string\"}],\"inLanguage\":\"pl-PL\"},{\"@type\":\"Organization\",\"@id\":\"https:\/\/secretcraftz.com\/#organization\",\"name\":\"Secret craftz\",\"alternateName\":\"we\u0142niane r\u0119kodzie\u0142o\",\"url\":\"https:\/\/secretcraftz.com\/\",\"logo\":{\"@type\":\"ImageObject\",\"inLanguage\":\"pl-PL\",\"@id\":\"https:\/\/secretcraftz.com\/#\/schema\/logo\/image\/\",\"url\":\"https:\/\/secretcraftz.com\/wp-content\/uploads\/2023\/01\/cropped-cropped-SECRET-CRAFTZ-2-1.png\",\"contentUrl\":\"https:\/\/secretcraftz.com\/wp-content\/uploads\/2023\/01\/cropped-cropped-SECRET-CRAFTZ-2-1.png\",\"width\":275,\"height\":152,\"caption\":\"Secret craftz\"},\"image\":{\"@id\":\"https:\/\/secretcraftz.com\/#\/schema\/logo\/image\/\"},\"sameAs\":[\"https:\/\/www.instagram.com\/secretcraftz\/\"]}]}<\/script>\n<!-- \/ Yoast SEO plugin. -->","yoast_head_json":{"title":"moherowy kapturek -","robots":{"index":"index","follow":"follow","max-snippet":"max-snippet:-1","max-image-preview":"max-image-preview:large","max-video-preview":"max-video-preview:-1"},"canonical":"https:\/\/secretcraftz.com\/index.php\/product\/moherowy-kapturek\/","og_locale":"pl_PL","og_type":"article","og_title":"moherowy kapturek -","og_description":"Robiony na szyde\u0142ku z najdelikatniejszego moherku mieszanego z jedwabiem. Dost\u0119pne r\u00f3\u017cne wersje kolorystyczne. Mi\u0119ciutki i cieplutki. Sprawdzony nawet przy -20-stopniowych norweskich mrozach. Kapturki s\u0105 rozci\u0105gliwe i pasuj\u0105 na wi\u0119kszo\u015b\u0107 ludzkich [&hellip;]","og_url":"https:\/\/secretcraftz.com\/index.php\/product\/moherowy-kapturek\/","article_modified_time":"2025-04-13T02:49:20+00:00","og_image":[{"width":2560,"height":1707,"url":"https:\/\/secretcraftz.com\/wp-content\/uploads\/2024\/02\/IMG_9965-scaled.jpg","type":"image\/jpeg"}],"twitter_card":"summary_large_image","twitter_misc":{"Szacowany czas czytania":"1 minuta"},"schema":{"@context":"https:\/\/schema.org","@graph":[{"@type":"WebPage","@id":"https:\/\/secretcraftz.com\/index.php\/product\/moherowy-kapturek\/","url":"https:\/\/secretcraftz.com\/index.php\/product\/moherowy-kapturek\/","name":"moherowy kapturek -","isPartOf":{"@id":"https:\/\/secretcraftz.com\/#website"},"datePublished":"2024-02-11T14:02:10+00:00","dateModified":"2025-04-13T02:49:20+00:00","breadcrumb":{"@id":"https:\/\/secretcraftz.com\/index.php\/product\/moherowy-kapturek\/#breadcrumb"},"inLanguage":"pl-PL","potentialAction":[{"@type":"ReadAction","target":["https:\/\/secretcraftz.com\/index.php\/product\/moherowy-kapturek\/"]}]},{"@type":"BreadcrumbList","@id":"https:\/\/secretcraftz.com\/index.php\/product\/moherowy-kapturek\/#breadcrumb","itemListElement":[{"@type":"ListItem","position":1,"name":"Strona g\u0142\u00f3wna","item":"https:\/\/secretcraftz.com\/"},{"@type":"ListItem","position":2,"name":"Sklepik","item":"https:\/\/secretcraftz.com\/"},{"@type":"ListItem","position":3,"name":"moherowy kapturek"}]},{"@type":"WebSite","@id":"https:\/\/secretcraftz.com\/#website","url":"https:\/\/secretcraftz.com\/","name":"","description":"","publisher":{"@id":"https:\/\/secretcraftz.com\/#organization"},"alternateName":"sklepik z welnianym r\u0119kodzie\u0142em","potentialAction":[{"@type":"SearchAction","target":{"@type":"EntryPoint","urlTemplate":"https:\/\/secretcraftz.com\/?s={search_term_string}"},"query-input":"required name=search_term_string"}],"inLanguage":"pl-PL"},{"@type":"Organization","@id":"https:\/\/secretcraftz.com\/#organization","name":"Secret craftz","alternateName":"we\u0142niane r\u0119kodzie\u0142o","url":"https:\/\/secretcraftz.com\/","logo":{"@type":"ImageObject","inLanguage":"pl-PL","@id":"https:\/\/secretcraftz.com\/#\/schema\/logo\/image\/","url":"https:\/\/secretcraftz.com\/wp-content\/uploads\/2023\/01\/cropped-cropped-SECRET-CRAFTZ-2-1.png","contentUrl":"https:\/\/secretcraftz.com\/wp-content\/uploads\/2023\/01\/cropped-cropped-SECRET-CRAFTZ-2-1.png","width":275,"height":152,"caption":"Secret craftz"},"image":{"@id":"https:\/\/secretcraftz.com\/#\/schema\/logo\/image\/"},"sameAs":["https:\/\/www.instagram.com\/secretcraftz\/"]}]}},"_links":{"self":[{"href":"https:\/\/secretcraftz.com\/index.php\/wp-json\/wp\/v2\/product\/5971"}],"collection":[{"href":"https:\/\/secretcraftz.com\/index.php\/wp-json\/wp\/v2\/product"}],"about":[{"href":"https:\/\/secretcraftz.com\/index.php\/wp-json\/wp\/v2\/types\/product"}],"replies":[{"embeddable":true,"href":"https:\/\/secretcraftz.com\/index.php\/wp-json\/wp\/v2\/comments?post=5971"}],"wp:featuredmedia":[{"embeddable":true,"href":"https:\/\/secretcraftz.com\/index.php\/wp-json\/wp\/v2\/media\/5978"}],"wp:attachment":[{"href":"https:\/\/secretcraftz.com\/index.php\/wp-json\/wp\/v2\/media?parent=5971"}],"wp:term":[{"taxonomy":"product_cat","embeddable":true,"href":"https:\/\/secretcraftz.com\/index.php\/wp-json\/wp\/v2\/product_cat?post=5971"},{"taxonomy":"product_tag","embeddable":true,"href":"https:\/\/secretcraftz.com\/index.php\/wp-json\/wp\/v2\/product_tag?post=5971"}],"curies":[{"name":"wp","href":"https:\/\/api.w.org\/{rel}","templated":true}]}}