{"id":5896,"date":"2023-02-27T12:39:39","date_gmt":"2023-02-27T12:39:39","guid":{"rendered":"https:\/\/secretcraftz.com\/?post_type=product&#038;p=5896"},"modified":"2025-02-16T07:12:38","modified_gmt":"2025-02-16T07:12:38","slug":"wodorost-lazienkowy-mellow-yellow","status":"publish","type":"product","link":"https:\/\/secretcraftz.com\/index.php\/product\/wodorost-lazienkowy-mellow-yellow\/","title":{"rendered":"wodorost \u0142azienkowy mellow yellow"},"content":{"rendered":"<p>Przed wann\u0119 lub kabin\u0119 prysznicow\u0105. Do ka\u017cdego pomieszczenia, kt\u00f3re t\u0119skni za oceanem.<\/p>\n<p>100% we\u0142na, wykonany w technice punch needle.<\/p>\n<p>Rozmiar oko\u0142o 85&#215;60 cm w najd\u0142u\u017cszym i najszerszym miejscu.<\/p>\n<p>Wi\u0119kszo\u015b\u0107 produkt\u00f3w w sklepiku wykonywana jest na zam\u00f3wienie.<\/p>\n<p><strong>Czas realizacji zam\u00f3wienia: 2-3 tygodnie.<\/strong><\/p>\n<p><strong>Po otrzymaniu Twojego zam\u00f3wienia, w przeci\u0105gu 2 dni wy\u015bl\u0119 ci email z informacj\u0105 o tym, kiedy dok\u0142adnie otrzymasz wybrany wytw\u00f3r.<\/strong><\/p>\n<p>Instrukcja czyszczenia: Zar\u00f3wno dywaniki wisz\u0105ce na \u015bcianie, jak i u\u0142o\u017cone na pod\u0142odze mo\u017cna raz na kilka miesi\u0119cy odkurza\u0107. W przypadku wi\u0119kszych zabrudze\u0144 mo\u017cna je pra\u0107 w pralce na programie we\u0142na i suszy\u0107 na p\u0142asko.<\/p>\n","protected":false},"excerpt":{"rendered":"<p>Zapach oceanu do \u0142azienki<\/p>\n","protected":false},"featured_media":5899,"comment_status":"open","ping_status":"closed","template":"","meta":[],"product_cat":[80],"product_tag":[88,82,85,86,84],"yoast_head":"<!-- This site is optimized with the Yoast SEO plugin v20.0 - https:\/\/yoast.com\/wordpress\/plugins\/seo\/ -->\n<title>wodorost \u0142azienkowy mellow yellow -<\/title>\n<meta name=\"robots\" content=\"index, follow, max-snippet:-1, max-image-preview:large, max-video-preview:-1\" \/>\n<link rel=\"canonical\" href=\"https:\/\/secretcraftz.com\/index.php\/product\/wodorost-lazienkowy-mellow-yellow\/\" \/>\n<meta property=\"og:locale\" content=\"pl_PL\" \/>\n<meta property=\"og:type\" content=\"article\" \/>\n<meta property=\"og:title\" content=\"wodorost \u0142azienkowy mellow yellow -\" \/>\n<meta property=\"og:description\" content=\"Zapach oceanu do \u0142azienki\" \/>\n<meta property=\"og:url\" content=\"https:\/\/secretcraftz.com\/index.php\/product\/wodorost-lazienkowy-mellow-yellow\/\" \/>\n<meta property=\"article:modified_time\" content=\"2025-02-16T07:12:38+00:00\" \/>\n<meta property=\"og:image\" content=\"https:\/\/secretcraftz.com\/wp-content\/uploads\/2023\/02\/IMG_2607-2-scaled.jpg\" \/>\n\t<meta property=\"og:image:width\" content=\"2048\" \/>\n\t<meta property=\"og:image:height\" content=\"2560\" \/>\n\t<meta property=\"og:image:type\" content=\"image\/jpeg\" \/>\n<meta name=\"twitter:card\" content=\"summary_large_image\" \/>\n<meta name=\"twitter:label1\" content=\"Szacowany czas czytania\" \/>\n\t<meta name=\"twitter:data1\" content=\"1 minuta\" \/>\n<script type=\"application\/ld+json\" class=\"yoast-schema-graph\">{\"@context\":\"https:\/\/schema.org\",\"@graph\":[{\"@type\":\"WebPage\",\"@id\":\"https:\/\/secretcraftz.com\/index.php\/product\/wodorost-lazienkowy-mellow-yellow\/\",\"url\":\"https:\/\/secretcraftz.com\/index.php\/product\/wodorost-lazienkowy-mellow-yellow\/\",\"name\":\"wodorost \u0142azienkowy mellow yellow -\",\"isPartOf\":{\"@id\":\"https:\/\/secretcraftz.com\/#website\"},\"datePublished\":\"2023-02-27T12:39:39+00:00\",\"dateModified\":\"2025-02-16T07:12:38+00:00\",\"breadcrumb\":{\"@id\":\"https:\/\/secretcraftz.com\/index.php\/product\/wodorost-lazienkowy-mellow-yellow\/#breadcrumb\"},\"inLanguage\":\"pl-PL\",\"potentialAction\":[{\"@type\":\"ReadAction\",\"target\":[\"https:\/\/secretcraftz.com\/index.php\/product\/wodorost-lazienkowy-mellow-yellow\/\"]}]},{\"@type\":\"BreadcrumbList\",\"@id\":\"https:\/\/secretcraftz.com\/index.php\/product\/wodorost-lazienkowy-mellow-yellow\/#breadcrumb\",\"itemListElement\":[{\"@type\":\"ListItem\",\"position\":1,\"name\":\"Strona g\u0142\u00f3wna\",\"item\":\"https:\/\/secretcraftz.com\/\"},{\"@type\":\"ListItem\",\"position\":2,\"name\":\"Sklepik\",\"item\":\"https:\/\/secretcraftz.com\/\"},{\"@type\":\"ListItem\",\"position\":3,\"name\":\"wodorost \u0142azienkowy mellow yellow\"}]},{\"@type\":\"WebSite\",\"@id\":\"https:\/\/secretcraftz.com\/#website\",\"url\":\"https:\/\/secretcraftz.com\/\",\"name\":\"\",\"description\":\"\",\"publisher\":{\"@id\":\"https:\/\/secretcraftz.com\/#organization\"},\"alternateName\":\"sklepik z welnianym r\u0119kodzie\u0142em\",\"potentialAction\":[{\"@type\":\"SearchAction\",\"target\":{\"@type\":\"EntryPoint\",\"urlTemplate\":\"https:\/\/secretcraftz.com\/?s={search_term_string}\"},\"query-input\":\"required name=search_term_string\"}],\"inLanguage\":\"pl-PL\"},{\"@type\":\"Organization\",\"@id\":\"https:\/\/secretcraftz.com\/#organization\",\"name\":\"Secret craftz\",\"alternateName\":\"we\u0142niane r\u0119kodzie\u0142o\",\"url\":\"https:\/\/secretcraftz.com\/\",\"logo\":{\"@type\":\"ImageObject\",\"inLanguage\":\"pl-PL\",\"@id\":\"https:\/\/secretcraftz.com\/#\/schema\/logo\/image\/\",\"url\":\"https:\/\/secretcraftz.com\/wp-content\/uploads\/2023\/01\/cropped-cropped-SECRET-CRAFTZ-2-1.png\",\"contentUrl\":\"https:\/\/secretcraftz.com\/wp-content\/uploads\/2023\/01\/cropped-cropped-SECRET-CRAFTZ-2-1.png\",\"width\":275,\"height\":152,\"caption\":\"Secret craftz\"},\"image\":{\"@id\":\"https:\/\/secretcraftz.com\/#\/schema\/logo\/image\/\"},\"sameAs\":[\"https:\/\/www.instagram.com\/secretcraftz\/\"]}]}<\/script>\n<!-- \/ Yoast SEO plugin. -->","yoast_head_json":{"title":"wodorost \u0142azienkowy mellow yellow -","robots":{"index":"index","follow":"follow","max-snippet":"max-snippet:-1","max-image-preview":"max-image-preview:large","max-video-preview":"max-video-preview:-1"},"canonical":"https:\/\/secretcraftz.com\/index.php\/product\/wodorost-lazienkowy-mellow-yellow\/","og_locale":"pl_PL","og_type":"article","og_title":"wodorost \u0142azienkowy mellow yellow -","og_description":"Zapach oceanu do \u0142azienki","og_url":"https:\/\/secretcraftz.com\/index.php\/product\/wodorost-lazienkowy-mellow-yellow\/","article_modified_time":"2025-02-16T07:12:38+00:00","og_image":[{"width":2048,"height":2560,"url":"https:\/\/secretcraftz.com\/wp-content\/uploads\/2023\/02\/IMG_2607-2-scaled.jpg","type":"image\/jpeg"}],"twitter_card":"summary_large_image","twitter_misc":{"Szacowany czas czytania":"1 minuta"},"schema":{"@context":"https:\/\/schema.org","@graph":[{"@type":"WebPage","@id":"https:\/\/secretcraftz.com\/index.php\/product\/wodorost-lazienkowy-mellow-yellow\/","url":"https:\/\/secretcraftz.com\/index.php\/product\/wodorost-lazienkowy-mellow-yellow\/","name":"wodorost \u0142azienkowy mellow yellow -","isPartOf":{"@id":"https:\/\/secretcraftz.com\/#website"},"datePublished":"2023-02-27T12:39:39+00:00","dateModified":"2025-02-16T07:12:38+00:00","breadcrumb":{"@id":"https:\/\/secretcraftz.com\/index.php\/product\/wodorost-lazienkowy-mellow-yellow\/#breadcrumb"},"inLanguage":"pl-PL","potentialAction":[{"@type":"ReadAction","target":["https:\/\/secretcraftz.com\/index.php\/product\/wodorost-lazienkowy-mellow-yellow\/"]}]},{"@type":"BreadcrumbList","@id":"https:\/\/secretcraftz.com\/index.php\/product\/wodorost-lazienkowy-mellow-yellow\/#breadcrumb","itemListElement":[{"@type":"ListItem","position":1,"name":"Strona g\u0142\u00f3wna","item":"https:\/\/secretcraftz.com\/"},{"@type":"ListItem","position":2,"name":"Sklepik","item":"https:\/\/secretcraftz.com\/"},{"@type":"ListItem","position":3,"name":"wodorost \u0142azienkowy mellow yellow"}]},{"@type":"WebSite","@id":"https:\/\/secretcraftz.com\/#website","url":"https:\/\/secretcraftz.com\/","name":"","description":"","publisher":{"@id":"https:\/\/secretcraftz.com\/#organization"},"alternateName":"sklepik z welnianym r\u0119kodzie\u0142em","potentialAction":[{"@type":"SearchAction","target":{"@type":"EntryPoint","urlTemplate":"https:\/\/secretcraftz.com\/?s={search_term_string}"},"query-input":"required name=search_term_string"}],"inLanguage":"pl-PL"},{"@type":"Organization","@id":"https:\/\/secretcraftz.com\/#organization","name":"Secret craftz","alternateName":"we\u0142niane r\u0119kodzie\u0142o","url":"https:\/\/secretcraftz.com\/","logo":{"@type":"ImageObject","inLanguage":"pl-PL","@id":"https:\/\/secretcraftz.com\/#\/schema\/logo\/image\/","url":"https:\/\/secretcraftz.com\/wp-content\/uploads\/2023\/01\/cropped-cropped-SECRET-CRAFTZ-2-1.png","contentUrl":"https:\/\/secretcraftz.com\/wp-content\/uploads\/2023\/01\/cropped-cropped-SECRET-CRAFTZ-2-1.png","width":275,"height":152,"caption":"Secret craftz"},"image":{"@id":"https:\/\/secretcraftz.com\/#\/schema\/logo\/image\/"},"sameAs":["https:\/\/www.instagram.com\/secretcraftz\/"]}]}},"_links":{"self":[{"href":"https:\/\/secretcraftz.com\/index.php\/wp-json\/wp\/v2\/product\/5896"}],"collection":[{"href":"https:\/\/secretcraftz.com\/index.php\/wp-json\/wp\/v2\/product"}],"about":[{"href":"https:\/\/secretcraftz.com\/index.php\/wp-json\/wp\/v2\/types\/product"}],"replies":[{"embeddable":true,"href":"https:\/\/secretcraftz.com\/index.php\/wp-json\/wp\/v2\/comments?post=5896"}],"wp:featuredmedia":[{"embeddable":true,"href":"https:\/\/secretcraftz.com\/index.php\/wp-json\/wp\/v2\/media\/5899"}],"wp:attachment":[{"href":"https:\/\/secretcraftz.com\/index.php\/wp-json\/wp\/v2\/media?parent=5896"}],"wp:term":[{"taxonomy":"product_cat","embeddable":true,"href":"https:\/\/secretcraftz.com\/index.php\/wp-json\/wp\/v2\/product_cat?post=5896"},{"taxonomy":"product_tag","embeddable":true,"href":"https:\/\/secretcraftz.com\/index.php\/wp-json\/wp\/v2\/product_tag?post=5896"}],"curies":[{"name":"wp","href":"https:\/\/api.w.org\/{rel}","templated":true}]}}