{"id":243,"date":"2018-06-20T07:16:56","date_gmt":"2018-06-20T07:16:56","guid":{"rendered":"https:\/\/secretcraftz.com\/index.php\/product\/pulses-from-organic-farm\/"},"modified":"2025-02-17T11:16:04","modified_gmt":"2025-02-17T11:16:04","slug":"stay-weird","status":"publish","type":"product","link":"https:\/\/secretcraftz.com\/index.php\/product\/stay-weird\/","title":{"rendered":"stay weird"},"content":{"rendered":"<p>We\u0142niany dywanik Stay Weird. Piel\u0119gnujcie w sobie wewn\u0119trzne dzieci i nie b\u00f3jcie si\u0119 robi\u0107 z siebie tzw. wariat\u00f3w. Krejzolstwo g\u00f3r\u0105.<\/p>\n<p>Br\u0105zowe t\u0142o, \u017c\u00f3\u0142ty we\u0142niany napis i zwariowane r\u00f3\u017cowe fr\u0119dzelki. Do surowych i zabawowych wn\u0119trz. Na \u015bciany, pod\u0142ogi i sufity.<\/p>\n<p>100% we\u0142na. 90x45cm.<\/p>\n<p><strong>Czas realizacji zam\u00f3wienia, w przypadku braku produktu w magazynie to oko\u0142o 2-3 tygodnie.<\/strong><\/p>\n<p><strong>Po otrzymaniu Twojego zam\u00f3wienia, w przeci\u0105gu 2 dni wy\u015bl\u0119 ci email z informacj\u0105 o tym, kiedy dok\u0142adnie otrzymasz wybrany wytw\u00f3r.<\/strong><\/p>\n<p>Instrukcje czyszczenia: Zar\u00f3wno dywaniki wisz\u0105ce na \u015bcianie, jak i u\u0142o\u017cone na pod\u0142odze mo\u017cna raz na kilka miesi\u0119cy odkurza\u0107.<\/p>\n","protected":false},"excerpt":{"rendered":"<p>We\u0142niane Pozosta\u0144 Sob\u0105 wreszcie i jeszcze.<\/p>\n","protected":false},"featured_media":6093,"comment_status":"open","ping_status":"closed","template":"","meta":[],"product_cat":[80],"product_tag":[],"yoast_head":"<!-- This site is optimized with the Yoast SEO plugin v20.0 - https:\/\/yoast.com\/wordpress\/plugins\/seo\/ -->\n<title>stay weird -<\/title>\n<meta name=\"robots\" content=\"index, follow, max-snippet:-1, max-image-preview:large, max-video-preview:-1\" \/>\n<link rel=\"canonical\" href=\"https:\/\/secretcraftz.com\/index.php\/product\/stay-weird\/\" \/>\n<meta property=\"og:locale\" content=\"pl_PL\" \/>\n<meta property=\"og:type\" content=\"article\" \/>\n<meta property=\"og:title\" content=\"stay weird -\" \/>\n<meta property=\"og:description\" content=\"We\u0142niane Pozosta\u0144 Sob\u0105 wreszcie i jeszcze.\" \/>\n<meta property=\"og:url\" content=\"https:\/\/secretcraftz.com\/index.php\/product\/stay-weird\/\" \/>\n<meta property=\"article:modified_time\" content=\"2025-02-17T11:16:04+00:00\" \/>\n<meta property=\"og:image\" content=\"https:\/\/secretcraftz.com\/wp-content\/uploads\/2018\/06\/IMG_0021-1-scaled-e1739789154954.jpg\" \/>\n\t<meta property=\"og:image:width\" content=\"1705\" \/>\n\t<meta property=\"og:image:height\" content=\"1267\" \/>\n\t<meta property=\"og:image:type\" content=\"image\/jpeg\" \/>\n<meta name=\"twitter:card\" content=\"summary_large_image\" \/>\n<meta name=\"twitter:label1\" content=\"Szacowany czas czytania\" \/>\n\t<meta name=\"twitter:data1\" content=\"1 minuta\" \/>\n<script type=\"application\/ld+json\" class=\"yoast-schema-graph\">{\"@context\":\"https:\/\/schema.org\",\"@graph\":[{\"@type\":\"WebPage\",\"@id\":\"https:\/\/secretcraftz.com\/index.php\/product\/stay-weird\/\",\"url\":\"https:\/\/secretcraftz.com\/index.php\/product\/stay-weird\/\",\"name\":\"stay weird -\",\"isPartOf\":{\"@id\":\"https:\/\/secretcraftz.com\/#website\"},\"datePublished\":\"2018-06-20T07:16:56+00:00\",\"dateModified\":\"2025-02-17T11:16:04+00:00\",\"breadcrumb\":{\"@id\":\"https:\/\/secretcraftz.com\/index.php\/product\/stay-weird\/#breadcrumb\"},\"inLanguage\":\"pl-PL\",\"potentialAction\":[{\"@type\":\"ReadAction\",\"target\":[\"https:\/\/secretcraftz.com\/index.php\/product\/stay-weird\/\"]}]},{\"@type\":\"BreadcrumbList\",\"@id\":\"https:\/\/secretcraftz.com\/index.php\/product\/stay-weird\/#breadcrumb\",\"itemListElement\":[{\"@type\":\"ListItem\",\"position\":1,\"name\":\"Strona g\u0142\u00f3wna\",\"item\":\"https:\/\/secretcraftz.com\/\"},{\"@type\":\"ListItem\",\"position\":2,\"name\":\"Sklepik\",\"item\":\"https:\/\/secretcraftz.com\/\"},{\"@type\":\"ListItem\",\"position\":3,\"name\":\"stay weird\"}]},{\"@type\":\"WebSite\",\"@id\":\"https:\/\/secretcraftz.com\/#website\",\"url\":\"https:\/\/secretcraftz.com\/\",\"name\":\"\",\"description\":\"\",\"publisher\":{\"@id\":\"https:\/\/secretcraftz.com\/#organization\"},\"alternateName\":\"sklepik z welnianym r\u0119kodzie\u0142em\",\"potentialAction\":[{\"@type\":\"SearchAction\",\"target\":{\"@type\":\"EntryPoint\",\"urlTemplate\":\"https:\/\/secretcraftz.com\/?s={search_term_string}\"},\"query-input\":\"required name=search_term_string\"}],\"inLanguage\":\"pl-PL\"},{\"@type\":\"Organization\",\"@id\":\"https:\/\/secretcraftz.com\/#organization\",\"name\":\"Secret craftz\",\"alternateName\":\"we\u0142niane r\u0119kodzie\u0142o\",\"url\":\"https:\/\/secretcraftz.com\/\",\"logo\":{\"@type\":\"ImageObject\",\"inLanguage\":\"pl-PL\",\"@id\":\"https:\/\/secretcraftz.com\/#\/schema\/logo\/image\/\",\"url\":\"https:\/\/secretcraftz.com\/wp-content\/uploads\/2023\/01\/cropped-cropped-SECRET-CRAFTZ-2-1.png\",\"contentUrl\":\"https:\/\/secretcraftz.com\/wp-content\/uploads\/2023\/01\/cropped-cropped-SECRET-CRAFTZ-2-1.png\",\"width\":275,\"height\":152,\"caption\":\"Secret craftz\"},\"image\":{\"@id\":\"https:\/\/secretcraftz.com\/#\/schema\/logo\/image\/\"},\"sameAs\":[\"https:\/\/www.instagram.com\/secretcraftz\/\"]}]}<\/script>\n<!-- \/ Yoast SEO plugin. -->","yoast_head_json":{"title":"stay weird -","robots":{"index":"index","follow":"follow","max-snippet":"max-snippet:-1","max-image-preview":"max-image-preview:large","max-video-preview":"max-video-preview:-1"},"canonical":"https:\/\/secretcraftz.com\/index.php\/product\/stay-weird\/","og_locale":"pl_PL","og_type":"article","og_title":"stay weird -","og_description":"We\u0142niane Pozosta\u0144 Sob\u0105 wreszcie i jeszcze.","og_url":"https:\/\/secretcraftz.com\/index.php\/product\/stay-weird\/","article_modified_time":"2025-02-17T11:16:04+00:00","og_image":[{"width":1705,"height":1267,"url":"https:\/\/secretcraftz.com\/wp-content\/uploads\/2018\/06\/IMG_0021-1-scaled-e1739789154954.jpg","type":"image\/jpeg"}],"twitter_card":"summary_large_image","twitter_misc":{"Szacowany czas czytania":"1 minuta"},"schema":{"@context":"https:\/\/schema.org","@graph":[{"@type":"WebPage","@id":"https:\/\/secretcraftz.com\/index.php\/product\/stay-weird\/","url":"https:\/\/secretcraftz.com\/index.php\/product\/stay-weird\/","name":"stay weird -","isPartOf":{"@id":"https:\/\/secretcraftz.com\/#website"},"datePublished":"2018-06-20T07:16:56+00:00","dateModified":"2025-02-17T11:16:04+00:00","breadcrumb":{"@id":"https:\/\/secretcraftz.com\/index.php\/product\/stay-weird\/#breadcrumb"},"inLanguage":"pl-PL","potentialAction":[{"@type":"ReadAction","target":["https:\/\/secretcraftz.com\/index.php\/product\/stay-weird\/"]}]},{"@type":"BreadcrumbList","@id":"https:\/\/secretcraftz.com\/index.php\/product\/stay-weird\/#breadcrumb","itemListElement":[{"@type":"ListItem","position":1,"name":"Strona g\u0142\u00f3wna","item":"https:\/\/secretcraftz.com\/"},{"@type":"ListItem","position":2,"name":"Sklepik","item":"https:\/\/secretcraftz.com\/"},{"@type":"ListItem","position":3,"name":"stay weird"}]},{"@type":"WebSite","@id":"https:\/\/secretcraftz.com\/#website","url":"https:\/\/secretcraftz.com\/","name":"","description":"","publisher":{"@id":"https:\/\/secretcraftz.com\/#organization"},"alternateName":"sklepik z welnianym r\u0119kodzie\u0142em","potentialAction":[{"@type":"SearchAction","target":{"@type":"EntryPoint","urlTemplate":"https:\/\/secretcraftz.com\/?s={search_term_string}"},"query-input":"required name=search_term_string"}],"inLanguage":"pl-PL"},{"@type":"Organization","@id":"https:\/\/secretcraftz.com\/#organization","name":"Secret craftz","alternateName":"we\u0142niane r\u0119kodzie\u0142o","url":"https:\/\/secretcraftz.com\/","logo":{"@type":"ImageObject","inLanguage":"pl-PL","@id":"https:\/\/secretcraftz.com\/#\/schema\/logo\/image\/","url":"https:\/\/secretcraftz.com\/wp-content\/uploads\/2023\/01\/cropped-cropped-SECRET-CRAFTZ-2-1.png","contentUrl":"https:\/\/secretcraftz.com\/wp-content\/uploads\/2023\/01\/cropped-cropped-SECRET-CRAFTZ-2-1.png","width":275,"height":152,"caption":"Secret craftz"},"image":{"@id":"https:\/\/secretcraftz.com\/#\/schema\/logo\/image\/"},"sameAs":["https:\/\/www.instagram.com\/secretcraftz\/"]}]}},"_links":{"self":[{"href":"https:\/\/secretcraftz.com\/index.php\/wp-json\/wp\/v2\/product\/243"}],"collection":[{"href":"https:\/\/secretcraftz.com\/index.php\/wp-json\/wp\/v2\/product"}],"about":[{"href":"https:\/\/secretcraftz.com\/index.php\/wp-json\/wp\/v2\/types\/product"}],"replies":[{"embeddable":true,"href":"https:\/\/secretcraftz.com\/index.php\/wp-json\/wp\/v2\/comments?post=243"}],"wp:featuredmedia":[{"embeddable":true,"href":"https:\/\/secretcraftz.com\/index.php\/wp-json\/wp\/v2\/media\/6093"}],"wp:attachment":[{"href":"https:\/\/secretcraftz.com\/index.php\/wp-json\/wp\/v2\/media?parent=243"}],"wp:term":[{"taxonomy":"product_cat","embeddable":true,"href":"https:\/\/secretcraftz.com\/index.php\/wp-json\/wp\/v2\/product_cat?post=243"},{"taxonomy":"product_tag","embeddable":true,"href":"https:\/\/secretcraftz.com\/index.php\/wp-json\/wp\/v2\/product_tag?post=243"}],"curies":[{"name":"wp","href":"https:\/\/api.w.org\/{rel}","templated":true}]}}