{"id":171,"date":"2018-06-19T13:46:05","date_gmt":"2018-06-19T13:46:05","guid":{"rendered":"https:\/\/secretcraftz.com\/index.php\/product\/fresh-organic-honey\/"},"modified":"2025-02-16T07:15:46","modified_gmt":"2025-02-16T07:15:46","slug":"imlove","status":"publish","type":"product","link":"https:\/\/secretcraftz.com\/index.php\/product\/imlove\/","title":{"rendered":"i&#8217;m love"},"content":{"rendered":"<p>We\u0142niany kilim na podstawie grafiki Agaty Kr\u00f3lak. Jestem mi\u0142o\u015bci\u0105. Mi\u0142o\u015b\u0107 jest mn\u0105.<\/p>\n<p>Napis wykonany z ma\u0142ych pomara\u0144czowych kwiatk\u00f3w z czystej we\u0142ny plus niebieskie pompony.<\/p>\n<p>Wi\u0119kszo\u015b\u0107 produkt\u00f3w w sklepiku wykonywana jest na zam\u00f3wienie, chyba \u017ce stan magazynowy wskazuje inaczej.<\/p>\n<p>Je\u015bli dywanik jest dost\u0119pny na zam\u00f3wienie, to jego wykonanie trwa zwykle oko\u0142o 2-3 tygodni.<\/p>\n<p>Po otrzymaniu Twojego zam\u00f3wienia, w przeci\u0105gu 2 dni wy\u015bl\u0119 ci email z informacj\u0105 o tym, kiedy dok\u0142adnie otrzymasz wybrany wytw\u00f3r.<\/p>\n<p>Fiku\u015bny i z przes\u0142aniem.<\/p>\n<p>Wymiary 85&#215;50 cm.<\/p>\n","protected":false},"excerpt":{"rendered":"<p>Jestem mi\u0142o\u015bci\u0105, bo kto mi zabroni.<\/p>\n","protected":false},"featured_media":5749,"comment_status":"open","ping_status":"closed","template":"","meta":[],"product_cat":[80],"product_tag":[88,83,82,85],"yoast_head":"<!-- This site is optimized with the Yoast SEO plugin v20.0 - https:\/\/yoast.com\/wordpress\/plugins\/seo\/ -->\n<title>i&#039;m love -<\/title>\n<meta name=\"robots\" content=\"index, follow, max-snippet:-1, max-image-preview:large, max-video-preview:-1\" \/>\n<link rel=\"canonical\" href=\"https:\/\/secretcraftz.com\/index.php\/product\/imlove\/\" \/>\n<meta property=\"og:locale\" content=\"pl_PL\" \/>\n<meta property=\"og:type\" content=\"article\" \/>\n<meta property=\"og:title\" content=\"i&#039;m love -\" \/>\n<meta property=\"og:description\" content=\"Jestem mi\u0142o\u015bci\u0105, bo kto mi zabroni.\" \/>\n<meta property=\"og:url\" content=\"https:\/\/secretcraftz.com\/index.php\/product\/imlove\/\" \/>\n<meta property=\"article:modified_time\" content=\"2025-02-16T07:15:46+00:00\" \/>\n<meta property=\"og:image\" content=\"https:\/\/secretcraftz.com\/wp-content\/uploads\/2018\/06\/IMG_9336-1.jpg\" \/>\n\t<meta property=\"og:image:width\" content=\"2048\" \/>\n\t<meta property=\"og:image:height\" content=\"1826\" \/>\n\t<meta property=\"og:image:type\" content=\"image\/jpeg\" \/>\n<meta name=\"twitter:card\" content=\"summary_large_image\" \/>\n<meta name=\"twitter:label1\" content=\"Szacowany czas czytania\" \/>\n\t<meta name=\"twitter:data1\" content=\"1 minuta\" \/>\n<script type=\"application\/ld+json\" class=\"yoast-schema-graph\">{\"@context\":\"https:\/\/schema.org\",\"@graph\":[{\"@type\":\"WebPage\",\"@id\":\"https:\/\/secretcraftz.com\/index.php\/product\/imlove\/\",\"url\":\"https:\/\/secretcraftz.com\/index.php\/product\/imlove\/\",\"name\":\"i'm love -\",\"isPartOf\":{\"@id\":\"https:\/\/secretcraftz.com\/#website\"},\"datePublished\":\"2018-06-19T13:46:05+00:00\",\"dateModified\":\"2025-02-16T07:15:46+00:00\",\"breadcrumb\":{\"@id\":\"https:\/\/secretcraftz.com\/index.php\/product\/imlove\/#breadcrumb\"},\"inLanguage\":\"pl-PL\",\"potentialAction\":[{\"@type\":\"ReadAction\",\"target\":[\"https:\/\/secretcraftz.com\/index.php\/product\/imlove\/\"]}]},{\"@type\":\"BreadcrumbList\",\"@id\":\"https:\/\/secretcraftz.com\/index.php\/product\/imlove\/#breadcrumb\",\"itemListElement\":[{\"@type\":\"ListItem\",\"position\":1,\"name\":\"Strona g\u0142\u00f3wna\",\"item\":\"https:\/\/secretcraftz.com\/\"},{\"@type\":\"ListItem\",\"position\":2,\"name\":\"Sklepik\",\"item\":\"https:\/\/secretcraftz.com\/\"},{\"@type\":\"ListItem\",\"position\":3,\"name\":\"i&#8217;m love\"}]},{\"@type\":\"WebSite\",\"@id\":\"https:\/\/secretcraftz.com\/#website\",\"url\":\"https:\/\/secretcraftz.com\/\",\"name\":\"\",\"description\":\"\",\"publisher\":{\"@id\":\"https:\/\/secretcraftz.com\/#organization\"},\"alternateName\":\"sklepik z welnianym r\u0119kodzie\u0142em\",\"potentialAction\":[{\"@type\":\"SearchAction\",\"target\":{\"@type\":\"EntryPoint\",\"urlTemplate\":\"https:\/\/secretcraftz.com\/?s={search_term_string}\"},\"query-input\":\"required name=search_term_string\"}],\"inLanguage\":\"pl-PL\"},{\"@type\":\"Organization\",\"@id\":\"https:\/\/secretcraftz.com\/#organization\",\"name\":\"Secret craftz\",\"alternateName\":\"we\u0142niane r\u0119kodzie\u0142o\",\"url\":\"https:\/\/secretcraftz.com\/\",\"logo\":{\"@type\":\"ImageObject\",\"inLanguage\":\"pl-PL\",\"@id\":\"https:\/\/secretcraftz.com\/#\/schema\/logo\/image\/\",\"url\":\"https:\/\/secretcraftz.com\/wp-content\/uploads\/2023\/01\/cropped-cropped-SECRET-CRAFTZ-2-1.png\",\"contentUrl\":\"https:\/\/secretcraftz.com\/wp-content\/uploads\/2023\/01\/cropped-cropped-SECRET-CRAFTZ-2-1.png\",\"width\":275,\"height\":152,\"caption\":\"Secret craftz\"},\"image\":{\"@id\":\"https:\/\/secretcraftz.com\/#\/schema\/logo\/image\/\"},\"sameAs\":[\"https:\/\/www.instagram.com\/secretcraftz\/\"]}]}<\/script>\n<!-- \/ Yoast SEO plugin. -->","yoast_head_json":{"title":"i'm love -","robots":{"index":"index","follow":"follow","max-snippet":"max-snippet:-1","max-image-preview":"max-image-preview:large","max-video-preview":"max-video-preview:-1"},"canonical":"https:\/\/secretcraftz.com\/index.php\/product\/imlove\/","og_locale":"pl_PL","og_type":"article","og_title":"i'm love -","og_description":"Jestem mi\u0142o\u015bci\u0105, bo kto mi zabroni.","og_url":"https:\/\/secretcraftz.com\/index.php\/product\/imlove\/","article_modified_time":"2025-02-16T07:15:46+00:00","og_image":[{"width":2048,"height":1826,"url":"https:\/\/secretcraftz.com\/wp-content\/uploads\/2018\/06\/IMG_9336-1.jpg","type":"image\/jpeg"}],"twitter_card":"summary_large_image","twitter_misc":{"Szacowany czas czytania":"1 minuta"},"schema":{"@context":"https:\/\/schema.org","@graph":[{"@type":"WebPage","@id":"https:\/\/secretcraftz.com\/index.php\/product\/imlove\/","url":"https:\/\/secretcraftz.com\/index.php\/product\/imlove\/","name":"i'm love -","isPartOf":{"@id":"https:\/\/secretcraftz.com\/#website"},"datePublished":"2018-06-19T13:46:05+00:00","dateModified":"2025-02-16T07:15:46+00:00","breadcrumb":{"@id":"https:\/\/secretcraftz.com\/index.php\/product\/imlove\/#breadcrumb"},"inLanguage":"pl-PL","potentialAction":[{"@type":"ReadAction","target":["https:\/\/secretcraftz.com\/index.php\/product\/imlove\/"]}]},{"@type":"BreadcrumbList","@id":"https:\/\/secretcraftz.com\/index.php\/product\/imlove\/#breadcrumb","itemListElement":[{"@type":"ListItem","position":1,"name":"Strona g\u0142\u00f3wna","item":"https:\/\/secretcraftz.com\/"},{"@type":"ListItem","position":2,"name":"Sklepik","item":"https:\/\/secretcraftz.com\/"},{"@type":"ListItem","position":3,"name":"i&#8217;m love"}]},{"@type":"WebSite","@id":"https:\/\/secretcraftz.com\/#website","url":"https:\/\/secretcraftz.com\/","name":"","description":"","publisher":{"@id":"https:\/\/secretcraftz.com\/#organization"},"alternateName":"sklepik z welnianym r\u0119kodzie\u0142em","potentialAction":[{"@type":"SearchAction","target":{"@type":"EntryPoint","urlTemplate":"https:\/\/secretcraftz.com\/?s={search_term_string}"},"query-input":"required name=search_term_string"}],"inLanguage":"pl-PL"},{"@type":"Organization","@id":"https:\/\/secretcraftz.com\/#organization","name":"Secret craftz","alternateName":"we\u0142niane r\u0119kodzie\u0142o","url":"https:\/\/secretcraftz.com\/","logo":{"@type":"ImageObject","inLanguage":"pl-PL","@id":"https:\/\/secretcraftz.com\/#\/schema\/logo\/image\/","url":"https:\/\/secretcraftz.com\/wp-content\/uploads\/2023\/01\/cropped-cropped-SECRET-CRAFTZ-2-1.png","contentUrl":"https:\/\/secretcraftz.com\/wp-content\/uploads\/2023\/01\/cropped-cropped-SECRET-CRAFTZ-2-1.png","width":275,"height":152,"caption":"Secret craftz"},"image":{"@id":"https:\/\/secretcraftz.com\/#\/schema\/logo\/image\/"},"sameAs":["https:\/\/www.instagram.com\/secretcraftz\/"]}]}},"_links":{"self":[{"href":"https:\/\/secretcraftz.com\/index.php\/wp-json\/wp\/v2\/product\/171"}],"collection":[{"href":"https:\/\/secretcraftz.com\/index.php\/wp-json\/wp\/v2\/product"}],"about":[{"href":"https:\/\/secretcraftz.com\/index.php\/wp-json\/wp\/v2\/types\/product"}],"replies":[{"embeddable":true,"href":"https:\/\/secretcraftz.com\/index.php\/wp-json\/wp\/v2\/comments?post=171"}],"wp:featuredmedia":[{"embeddable":true,"href":"https:\/\/secretcraftz.com\/index.php\/wp-json\/wp\/v2\/media\/5749"}],"wp:attachment":[{"href":"https:\/\/secretcraftz.com\/index.php\/wp-json\/wp\/v2\/media?parent=171"}],"wp:term":[{"taxonomy":"product_cat","embeddable":true,"href":"https:\/\/secretcraftz.com\/index.php\/wp-json\/wp\/v2\/product_cat?post=171"},{"taxonomy":"product_tag","embeddable":true,"href":"https:\/\/secretcraftz.com\/index.php\/wp-json\/wp\/v2\/product_tag?post=171"}],"curies":[{"name":"wp","href":"https:\/\/api.w.org\/{rel}","templated":true}]}}