{"id":17,"date":"2023-01-16T17:04:19","date_gmt":"2023-01-16T17:04:19","guid":{"rendered":"https:\/\/secretcraftz.com\/index.php\/product\/hoodie-with-logo-3\/"},"modified":"2025-02-16T07:14:43","modified_gmt":"2025-02-16T07:14:43","slug":"glon-rurkowy","status":"publish","type":"product","link":"https:\/\/secretcraftz.com\/index.php\/product\/glon-rurkowy\/","title":{"rendered":"glon rurkowy"},"content":{"rendered":"<p>We\u0142niany dywanik o wymiarach oko\u0142o 80x60cm w najszerszym i najd\u0142u\u017cszym miejscu.<\/p>\n<p>Nadaje sie do \u0142azienki pod wanienk\u0119 lub kabink\u0119 prysznicow\u0105. Mo\u017cna powiesi\u0107 na \u015bcianie i inspirowa\u0107 si\u0119 kolorem i form\u0105.<\/p>\n<p>Mo\u017cliwa zmiana kolor\u00f3w. Wystarczy doda\u0107 uwagi do zam\u00f3wienia.<\/p>\n<p><strong>Czas realizacji zam\u00f3wienia: 2-3 tygodnie.<\/strong><\/p>\n<p><strong>Po otrzymaniu Twojego zam\u00f3wienia, w przeci\u0105gu 2 dni wy\u015bl\u0119 ci email z informacj\u0105 o tym, kiedy dok\u0142adnie otrzymasz wybrany wytw\u00f3r.<\/strong><\/p>\n<p>Instrukcja czyszczenia: Zar\u00f3wno dywaniki wisz\u0105ce na \u015bcianie, jak i u\u0142o\u017cone na pod\u0142odze mo\u017cna raz na kilka miesi\u0119cy odkurza\u0107. W przypadku wi\u0119kszych zabrudze\u0144 mo\u017cna je pra\u0107 w pralce na programie we\u0142na i suszy\u0107 na p\u0142asko.<\/p>\n","protected":false},"excerpt":{"rendered":"<p>We\u0142niany podmuch podwodnego \u015bwiata.<\/p>\n","protected":false},"featured_media":18,"comment_status":"open","ping_status":"closed","template":"","meta":[],"product_cat":[80],"product_tag":[],"yoast_head":"<!-- This site is optimized with the Yoast SEO plugin v20.0 - https:\/\/yoast.com\/wordpress\/plugins\/seo\/ -->\n<title>glon rurkowy -<\/title>\n<meta name=\"robots\" content=\"index, follow, max-snippet:-1, max-image-preview:large, max-video-preview:-1\" \/>\n<link rel=\"canonical\" href=\"https:\/\/secretcraftz.com\/index.php\/product\/glon-rurkowy\/\" \/>\n<meta property=\"og:locale\" content=\"pl_PL\" \/>\n<meta property=\"og:type\" content=\"article\" \/>\n<meta property=\"og:title\" content=\"glon rurkowy -\" \/>\n<meta property=\"og:description\" content=\"We\u0142niany podmuch podwodnego \u015bwiata.\" \/>\n<meta property=\"og:url\" content=\"https:\/\/secretcraftz.com\/index.php\/product\/glon-rurkowy\/\" \/>\n<meta property=\"article:modified_time\" content=\"2025-02-16T07:14:43+00:00\" \/>\n<meta property=\"og:image\" content=\"https:\/\/secretcraftz.com\/wp-content\/uploads\/2023\/01\/IMG_8314-scaled.jpg\" \/>\n\t<meta property=\"og:image:width\" content=\"2560\" \/>\n\t<meta property=\"og:image:height\" content=\"1707\" \/>\n\t<meta property=\"og:image:type\" content=\"image\/jpeg\" \/>\n<meta name=\"twitter:card\" content=\"summary_large_image\" \/>\n<meta name=\"twitter:label1\" content=\"Szacowany czas czytania\" \/>\n\t<meta name=\"twitter:data1\" content=\"1 minuta\" \/>\n<script type=\"application\/ld+json\" class=\"yoast-schema-graph\">{\"@context\":\"https:\/\/schema.org\",\"@graph\":[{\"@type\":\"WebPage\",\"@id\":\"https:\/\/secretcraftz.com\/index.php\/product\/glon-rurkowy\/\",\"url\":\"https:\/\/secretcraftz.com\/index.php\/product\/glon-rurkowy\/\",\"name\":\"glon rurkowy -\",\"isPartOf\":{\"@id\":\"https:\/\/secretcraftz.com\/#website\"},\"datePublished\":\"2023-01-16T17:04:19+00:00\",\"dateModified\":\"2025-02-16T07:14:43+00:00\",\"breadcrumb\":{\"@id\":\"https:\/\/secretcraftz.com\/index.php\/product\/glon-rurkowy\/#breadcrumb\"},\"inLanguage\":\"pl-PL\",\"potentialAction\":[{\"@type\":\"ReadAction\",\"target\":[\"https:\/\/secretcraftz.com\/index.php\/product\/glon-rurkowy\/\"]}]},{\"@type\":\"BreadcrumbList\",\"@id\":\"https:\/\/secretcraftz.com\/index.php\/product\/glon-rurkowy\/#breadcrumb\",\"itemListElement\":[{\"@type\":\"ListItem\",\"position\":1,\"name\":\"Strona g\u0142\u00f3wna\",\"item\":\"https:\/\/secretcraftz.com\/\"},{\"@type\":\"ListItem\",\"position\":2,\"name\":\"Sklepik\",\"item\":\"https:\/\/secretcraftz.com\/\"},{\"@type\":\"ListItem\",\"position\":3,\"name\":\"glon rurkowy\"}]},{\"@type\":\"WebSite\",\"@id\":\"https:\/\/secretcraftz.com\/#website\",\"url\":\"https:\/\/secretcraftz.com\/\",\"name\":\"\",\"description\":\"\",\"publisher\":{\"@id\":\"https:\/\/secretcraftz.com\/#organization\"},\"alternateName\":\"sklepik z welnianym r\u0119kodzie\u0142em\",\"potentialAction\":[{\"@type\":\"SearchAction\",\"target\":{\"@type\":\"EntryPoint\",\"urlTemplate\":\"https:\/\/secretcraftz.com\/?s={search_term_string}\"},\"query-input\":\"required name=search_term_string\"}],\"inLanguage\":\"pl-PL\"},{\"@type\":\"Organization\",\"@id\":\"https:\/\/secretcraftz.com\/#organization\",\"name\":\"Secret craftz\",\"alternateName\":\"we\u0142niane r\u0119kodzie\u0142o\",\"url\":\"https:\/\/secretcraftz.com\/\",\"logo\":{\"@type\":\"ImageObject\",\"inLanguage\":\"pl-PL\",\"@id\":\"https:\/\/secretcraftz.com\/#\/schema\/logo\/image\/\",\"url\":\"https:\/\/secretcraftz.com\/wp-content\/uploads\/2023\/01\/cropped-cropped-SECRET-CRAFTZ-2-1.png\",\"contentUrl\":\"https:\/\/secretcraftz.com\/wp-content\/uploads\/2023\/01\/cropped-cropped-SECRET-CRAFTZ-2-1.png\",\"width\":275,\"height\":152,\"caption\":\"Secret craftz\"},\"image\":{\"@id\":\"https:\/\/secretcraftz.com\/#\/schema\/logo\/image\/\"},\"sameAs\":[\"https:\/\/www.instagram.com\/secretcraftz\/\"]}]}<\/script>\n<!-- \/ Yoast SEO plugin. -->","yoast_head_json":{"title":"glon rurkowy -","robots":{"index":"index","follow":"follow","max-snippet":"max-snippet:-1","max-image-preview":"max-image-preview:large","max-video-preview":"max-video-preview:-1"},"canonical":"https:\/\/secretcraftz.com\/index.php\/product\/glon-rurkowy\/","og_locale":"pl_PL","og_type":"article","og_title":"glon rurkowy -","og_description":"We\u0142niany podmuch podwodnego \u015bwiata.","og_url":"https:\/\/secretcraftz.com\/index.php\/product\/glon-rurkowy\/","article_modified_time":"2025-02-16T07:14:43+00:00","og_image":[{"width":2560,"height":1707,"url":"https:\/\/secretcraftz.com\/wp-content\/uploads\/2023\/01\/IMG_8314-scaled.jpg","type":"image\/jpeg"}],"twitter_card":"summary_large_image","twitter_misc":{"Szacowany czas czytania":"1 minuta"},"schema":{"@context":"https:\/\/schema.org","@graph":[{"@type":"WebPage","@id":"https:\/\/secretcraftz.com\/index.php\/product\/glon-rurkowy\/","url":"https:\/\/secretcraftz.com\/index.php\/product\/glon-rurkowy\/","name":"glon rurkowy -","isPartOf":{"@id":"https:\/\/secretcraftz.com\/#website"},"datePublished":"2023-01-16T17:04:19+00:00","dateModified":"2025-02-16T07:14:43+00:00","breadcrumb":{"@id":"https:\/\/secretcraftz.com\/index.php\/product\/glon-rurkowy\/#breadcrumb"},"inLanguage":"pl-PL","potentialAction":[{"@type":"ReadAction","target":["https:\/\/secretcraftz.com\/index.php\/product\/glon-rurkowy\/"]}]},{"@type":"BreadcrumbList","@id":"https:\/\/secretcraftz.com\/index.php\/product\/glon-rurkowy\/#breadcrumb","itemListElement":[{"@type":"ListItem","position":1,"name":"Strona g\u0142\u00f3wna","item":"https:\/\/secretcraftz.com\/"},{"@type":"ListItem","position":2,"name":"Sklepik","item":"https:\/\/secretcraftz.com\/"},{"@type":"ListItem","position":3,"name":"glon rurkowy"}]},{"@type":"WebSite","@id":"https:\/\/secretcraftz.com\/#website","url":"https:\/\/secretcraftz.com\/","name":"","description":"","publisher":{"@id":"https:\/\/secretcraftz.com\/#organization"},"alternateName":"sklepik z welnianym r\u0119kodzie\u0142em","potentialAction":[{"@type":"SearchAction","target":{"@type":"EntryPoint","urlTemplate":"https:\/\/secretcraftz.com\/?s={search_term_string}"},"query-input":"required name=search_term_string"}],"inLanguage":"pl-PL"},{"@type":"Organization","@id":"https:\/\/secretcraftz.com\/#organization","name":"Secret craftz","alternateName":"we\u0142niane r\u0119kodzie\u0142o","url":"https:\/\/secretcraftz.com\/","logo":{"@type":"ImageObject","inLanguage":"pl-PL","@id":"https:\/\/secretcraftz.com\/#\/schema\/logo\/image\/","url":"https:\/\/secretcraftz.com\/wp-content\/uploads\/2023\/01\/cropped-cropped-SECRET-CRAFTZ-2-1.png","contentUrl":"https:\/\/secretcraftz.com\/wp-content\/uploads\/2023\/01\/cropped-cropped-SECRET-CRAFTZ-2-1.png","width":275,"height":152,"caption":"Secret craftz"},"image":{"@id":"https:\/\/secretcraftz.com\/#\/schema\/logo\/image\/"},"sameAs":["https:\/\/www.instagram.com\/secretcraftz\/"]}]}},"_links":{"self":[{"href":"https:\/\/secretcraftz.com\/index.php\/wp-json\/wp\/v2\/product\/17"}],"collection":[{"href":"https:\/\/secretcraftz.com\/index.php\/wp-json\/wp\/v2\/product"}],"about":[{"href":"https:\/\/secretcraftz.com\/index.php\/wp-json\/wp\/v2\/types\/product"}],"replies":[{"embeddable":true,"href":"https:\/\/secretcraftz.com\/index.php\/wp-json\/wp\/v2\/comments?post=17"}],"wp:featuredmedia":[{"embeddable":true,"href":"https:\/\/secretcraftz.com\/index.php\/wp-json\/wp\/v2\/media\/18"}],"wp:attachment":[{"href":"https:\/\/secretcraftz.com\/index.php\/wp-json\/wp\/v2\/media?parent=17"}],"wp:term":[{"taxonomy":"product_cat","embeddable":true,"href":"https:\/\/secretcraftz.com\/index.php\/wp-json\/wp\/v2\/product_cat?post=17"},{"taxonomy":"product_tag","embeddable":true,"href":"https:\/\/secretcraftz.com\/index.php\/wp-json\/wp\/v2\/product_tag?post=17"}],"curies":[{"name":"wp","href":"https:\/\/api.w.org\/{rel}","templated":true}]}}