{"id":96,"date":"2018-06-18T06:57:57","date_gmt":"2018-06-18T06:57:57","guid":{"rendered":"https:\/\/secretcraftz.com\/index.php\/about\/"},"modified":"2025-01-31T19:29:57","modified_gmt":"2025-01-31T19:29:57","slug":"about","status":"publish","type":"page","link":"https:\/\/secretcraftz.com\/index.php\/about\/","title":{"rendered":"O MNIE"},"content":{"rendered":"\t\t<div data-elementor-type=\"wp-post\" data-elementor-id=\"96\" class=\"elementor elementor-96\">\n\t\t\t\t\t\t\t\t\t<section class=\"elementor-section elementor-top-section elementor-element elementor-element-7d33ea6 elementor-section-boxed elementor-section-height-default elementor-section-height-default\" data-id=\"7d33ea6\" data-element_type=\"section\">\n\t\t\t\t\t\t<div class=\"elementor-container elementor-column-gap-default\">\n\t\t\t\t\t<div class=\"elementor-column elementor-col-50 elementor-top-column elementor-element elementor-element-827726c\" data-id=\"827726c\" data-element_type=\"column\">\n\t\t\t<div class=\"elementor-widget-wrap elementor-element-populated\">\n\t\t\t\t\t\t\t\t<div class=\"elementor-element elementor-element-173faf5 elementor-position-left elementor-vertical-align-top elementor-widget elementor-widget-image-box\" data-id=\"173faf5\" data-element_type=\"widget\" data-widget_type=\"image-box.default\">\n\t\t\t\t<div class=\"elementor-widget-container\">\n\t\t\t<style>\/*! elementor - v3.10.1 - 17-01-2023 *\/\n.elementor-widget-image-box .elementor-image-box-content{width:100%}@media (min-width:768px){.elementor-widget-image-box.elementor-position-left .elementor-image-box-wrapper,.elementor-widget-image-box.elementor-position-right .elementor-image-box-wrapper{display:flex}.elementor-widget-image-box.elementor-position-right .elementor-image-box-wrapper{text-align:right;flex-direction:row-reverse}.elementor-widget-image-box.elementor-position-left .elementor-image-box-wrapper{text-align:left;flex-direction:row}.elementor-widget-image-box.elementor-position-top .elementor-image-box-img{margin:auto}.elementor-widget-image-box.elementor-vertical-align-top .elementor-image-box-wrapper{align-items:flex-start}.elementor-widget-image-box.elementor-vertical-align-middle .elementor-image-box-wrapper{align-items:center}.elementor-widget-image-box.elementor-vertical-align-bottom .elementor-image-box-wrapper{align-items:flex-end}}@media (max-width:767px){.elementor-widget-image-box .elementor-image-box-img{margin-left:auto!important;margin-right:auto!important;margin-bottom:15px}}.elementor-widget-image-box .elementor-image-box-img{display:inline-block}.elementor-widget-image-box .elementor-image-box-title a{color:inherit}.elementor-widget-image-box .elementor-image-box-wrapper{text-align:center}.elementor-widget-image-box .elementor-image-box-description{margin:0}<\/style><div class=\"elementor-image-box-wrapper\"><div class=\"elementor-image-box-content\"><p class=\"elementor-image-box-description\"><br>Urodzi\u0142am si\u0119 i wykszta\u0142ci\u0142am w Krakowie. Kiedy\u015b du\u017co podr\u00f3\u017cowa\u0142am, a teraz du\u017co tworz\u0119. Na dobre wci\u0105gn\u0119\u0142a mnie technika punch needle czyli haft p\u0119telkowy. Jest to bowiem medytacyjna i przyst\u0119pna dla ka\u017cdego sztuka. Tworz\u0119 te\u017c dywany w technice tuftingu. Staram si\u0119 piel\u0119gnowa\u0107 w sobie ducha przygody i zachwytu \u015bwiatem (guzik do moich podr\u00f3\u017cy poni\u017cej). Obecnie mieszkam na norweskiej wsi, w domu z du\u017cym oknem i widokiem na fjord. W swoich wytworach \u0142\u0105cz\u0119 skandynawsk\u0105 prostot\u0119 z zabaw\u0105 kolorem. Pracuj\u0119 g\u0142\u00f3wnie z we\u0142n\u0105 i naturalnymi materia\u0142ami z recyklingu. Lubi\u0119 powolny proces tworzenia i niepowtarzalno\u015b\u0107 ka\u017cdego dzie\u0142ka, kt\u00f3re wyk\u0142uje. Nie ma dw\u00f3ch takich samych dywan\u00f3w, tak samo jak nie b\u0119dzie ju\u017c nigdy takiego lata. <br>Zdarza si\u0119, \u017ce wsp\u00f3\u0142pracuj\u0119 z polskimi grafikami i ilustratorami.<br>Uwielbiam p\u0142ywa\u0107, s\u0142ucha\u0107 szumu fal i gapi\u0107 si\u0119 w wod\u0119.<\/p><\/div><\/div>\t\t<\/div>\n\t\t\t\t<\/div>\n\t\t\t\t<div class=\"elementor-element elementor-element-00a0627 elementor-align-left elementor-widget elementor-widget-button\" data-id=\"00a0627\" data-element_type=\"widget\" data-widget_type=\"button.default\">\n\t\t\t\t<div class=\"elementor-widget-container\">\n\t\t\t\t\t<div class=\"elementor-button-wrapper\">\n\t\t\t<a href=\"https:\/\/zwyklezycie.pl\/2022\/08\/norweskie-opowiesci-czy-gdzies-jest-haczyk\/\" target=\"_blank\" class=\"elementor-button-link elementor-button elementor-size-xs\" role=\"button\">\n\t\t\t\t\t\t<span class=\"elementor-button-content-wrapper\">\n\t\t\t\t\t\t<span class=\"elementor-button-text\">Czytaj dalej<\/span>\n\t\t<\/span>\n\t\t\t\t\t<\/a>\n\t\t<\/div>\n\t\t\t\t<\/div>\n\t\t\t\t<\/div>\n\t\t\t\t<div class=\"elementor-element elementor-element-02221bb elementor-widget elementor-widget-button\" data-id=\"02221bb\" data-element_type=\"widget\" data-widget_type=\"button.default\">\n\t\t\t\t<div class=\"elementor-widget-container\">\n\t\t\t\t\t<div class=\"elementor-button-wrapper\">\n\t\t\t<a href=\"http:\/\/inmysecretlife.pl\/\" class=\"elementor-button-link elementor-button elementor-size-xs\" role=\"button\">\n\t\t\t\t\t\t<span class=\"elementor-button-content-wrapper\">\n\t\t\t\t\t\t<span class=\"elementor-button-text\">M\u00f3j blog <\/span>\n\t\t<\/span>\n\t\t\t\t\t<\/a>\n\t\t<\/div>\n\t\t\t\t<\/div>\n\t\t\t\t<\/div>\n\t\t\t\t<div class=\"elementor-element elementor-element-3d6ef8c elementor-view-default elementor-widget elementor-widget-icon\" data-id=\"3d6ef8c\" data-element_type=\"widget\" data-widget_type=\"icon.default\">\n\t\t\t\t<div class=\"elementor-widget-container\">\n\t\t\t\t\t<div class=\"elementor-icon-wrapper\">\n\t\t\t<a class=\"elementor-icon\" href=\"https:\/\/www.instagram.com\/secretcraftz\/\">\n\t\t\t<i aria-hidden=\"true\" class=\"fab fa-instagram\"><\/i>\t\t\t<\/a>\n\t\t<\/div>\n\t\t\t\t<\/div>\n\t\t\t\t<\/div>\n\t\t\t\t\t<\/div>\n\t\t<\/div>\n\t\t\t\t<div class=\"elementor-column elementor-col-50 elementor-top-column elementor-element elementor-element-ce44ef3\" data-id=\"ce44ef3\" data-element_type=\"column\">\n\t\t\t<div class=\"elementor-widget-wrap elementor-element-populated\">\n\t\t\t\t\t\t\t\t<div class=\"elementor-element elementor-element-e235669 elementor-widget elementor-widget-image\" data-id=\"e235669\" data-element_type=\"widget\" data-widget_type=\"image.default\">\n\t\t\t\t<div class=\"elementor-widget-container\">\n\t\t\t<style>\/*! elementor - v3.10.1 - 17-01-2023 *\/\n.elementor-widget-image{text-align:center}.elementor-widget-image a{display:inline-block}.elementor-widget-image a img[src$=\".svg\"]{width:48px}.elementor-widget-image img{vertical-align:middle;display:inline-block}<\/style>\t\t\t\t\t\t\t\t\t\t\t\t<img decoding=\"async\" width=\"683\" height=\"1024\" src=\"https:\/\/secretcraftz.com\/wp-content\/uploads\/2023\/01\/IMG_8855-683x1024.jpg\" class=\"attachment-large size-large wp-image-5531\" alt=\"\" loading=\"lazy\" srcset=\"https:\/\/secretcraftz.com\/wp-content\/uploads\/2023\/01\/IMG_8855-683x1024.jpg 683w, https:\/\/secretcraftz.com\/wp-content\/uploads\/2023\/01\/IMG_8855-200x300.jpg 200w, https:\/\/secretcraftz.com\/wp-content\/uploads\/2023\/01\/IMG_8855-768x1152.jpg 768w, https:\/\/secretcraftz.com\/wp-content\/uploads\/2023\/01\/IMG_8855-1024x1536.jpg 1024w, https:\/\/secretcraftz.com\/wp-content\/uploads\/2023\/01\/IMG_8855-1365x2048.jpg 1365w, https:\/\/secretcraftz.com\/wp-content\/uploads\/2023\/01\/IMG_8855-1140x1710.jpg 1140w, https:\/\/secretcraftz.com\/wp-content\/uploads\/2023\/01\/IMG_8855-920x1380.jpg 920w, https:\/\/secretcraftz.com\/wp-content\/uploads\/2023\/01\/IMG_8855-575x863.jpg 575w, https:\/\/secretcraftz.com\/wp-content\/uploads\/2023\/01\/IMG_8855-380x570.jpg 380w, https:\/\/secretcraftz.com\/wp-content\/uploads\/2023\/01\/IMG_8855-1320x1980.jpg 1320w, https:\/\/secretcraftz.com\/wp-content\/uploads\/2023\/01\/IMG_8855-800x1200.jpg 800w, https:\/\/secretcraftz.com\/wp-content\/uploads\/2023\/01\/IMG_8855-scaled.jpg 1707w\" sizes=\"(max-width: 683px) 100vw, 683px\" \/>\t\t\t\t\t\t\t\t\t\t\t\t\t\t\t<\/div>\n\t\t\t\t<\/div>\n\t\t\t\t\t<\/div>\n\t\t<\/div>\n\t\t\t\t\t\t\t<\/div>\n\t\t<\/section>\n\t\t\t\t<section class=\"elementor-section elementor-top-section elementor-element elementor-element-95714f7 elementor-section-boxed elementor-section-height-default elementor-section-height-default\" data-id=\"95714f7\" data-element_type=\"section\">\n\t\t\t\t\t\t<div class=\"elementor-container elementor-column-gap-default\">\n\t\t\t\t\t<div class=\"elementor-column elementor-col-100 elementor-top-column elementor-element elementor-element-8f04d97\" data-id=\"8f04d97\" data-element_type=\"column\">\n\t\t\t<div class=\"elementor-widget-wrap elementor-element-populated\">\n\t\t\t\t\t\t\t\t<div class=\"elementor-element elementor-element-8ae42ff elementor-widget elementor-widget-image\" data-id=\"8ae42ff\" data-element_type=\"widget\" data-widget_type=\"image.default\">\n\t\t\t\t<div class=\"elementor-widget-container\">\n\t\t\t\t\t\t\t\t\t\t\t\t\t\t\t<img decoding=\"async\" width=\"768\" height=\"1152\" src=\"https:\/\/secretcraftz.com\/wp-content\/uploads\/2023\/01\/IMG_8948-768x1152.jpg\" class=\"attachment-medium_large size-medium_large wp-image-5675\" alt=\"\" loading=\"lazy\" srcset=\"https:\/\/secretcraftz.com\/wp-content\/uploads\/2023\/01\/IMG_8948-768x1152.jpg 768w, https:\/\/secretcraftz.com\/wp-content\/uploads\/2023\/01\/IMG_8948-200x300.jpg 200w, https:\/\/secretcraftz.com\/wp-content\/uploads\/2023\/01\/IMG_8948-683x1024.jpg 683w, https:\/\/secretcraftz.com\/wp-content\/uploads\/2023\/01\/IMG_8948-1024x1536.jpg 1024w, https:\/\/secretcraftz.com\/wp-content\/uploads\/2023\/01\/IMG_8948-1365x2048.jpg 1365w, https:\/\/secretcraftz.com\/wp-content\/uploads\/2023\/01\/IMG_8948-1140x1710.jpg 1140w, https:\/\/secretcraftz.com\/wp-content\/uploads\/2023\/01\/IMG_8948-920x1380.jpg 920w, https:\/\/secretcraftz.com\/wp-content\/uploads\/2023\/01\/IMG_8948-575x863.jpg 575w, https:\/\/secretcraftz.com\/wp-content\/uploads\/2023\/01\/IMG_8948-380x570.jpg 380w, https:\/\/secretcraftz.com\/wp-content\/uploads\/2023\/01\/IMG_8948-1320x1980.jpg 1320w, https:\/\/secretcraftz.com\/wp-content\/uploads\/2023\/01\/IMG_8948-800x1200.jpg 800w, https:\/\/secretcraftz.com\/wp-content\/uploads\/2023\/01\/IMG_8948-scaled.jpg 1707w\" sizes=\"(max-width: 768px) 100vw, 768px\" \/>\t\t\t\t\t\t\t\t\t\t\t\t\t\t\t<\/div>\n\t\t\t\t<\/div>\n\t\t\t\t\t<\/div>\n\t\t<\/div>\n\t\t\t\t\t\t\t<\/div>\n\t\t<\/section>\n\t\t\t\t\t\t\t<\/div>\n\t\t","protected":false},"excerpt":{"rendered":"<p>Urodzi\u0142am si\u0119 i wykszta\u0142ci\u0142am w Krakowie. Kiedy\u015b du\u017co podr\u00f3\u017cowa\u0142am, a teraz du\u017co tworz\u0119. Na dobre wci\u0105gn\u0119\u0142a mnie technika punch needle czyli haft p\u0119telkowy. Jest to bowiem medytacyjna i przyst\u0119pna dla [&hellip;]<\/p>\n","protected":false},"author":1,"featured_media":0,"parent":0,"menu_order":0,"comment_status":"closed","ping_status":"closed","template":"elementor_header_footer","meta":[],"yoast_head":"<!-- This site is optimized with the Yoast SEO plugin v20.0 - https:\/\/yoast.com\/wordpress\/plugins\/seo\/ -->\n<title>O MNIE -<\/title>\n<meta name=\"description\" content=\"O MNIE uzaleznienie od welny\" \/>\n<meta name=\"robots\" content=\"index, follow, max-snippet:-1, max-image-preview:large, max-video-preview:-1\" \/>\n<link rel=\"canonical\" href=\"https:\/\/secretcraftz.com\/index.php\/about\/\" \/>\n<meta property=\"og:locale\" content=\"pl_PL\" \/>\n<meta property=\"og:type\" content=\"article\" \/>\n<meta property=\"og:title\" content=\"O MNIE -\" \/>\n<meta property=\"og:description\" content=\"O MNIE uzaleznienie od welny\" \/>\n<meta property=\"og:url\" content=\"https:\/\/secretcraftz.com\/index.php\/about\/\" \/>\n<meta property=\"article:modified_time\" content=\"2025-01-31T19:29:57+00:00\" \/>\n<meta property=\"og:image\" content=\"https:\/\/secretcraftz.com\/wp-content\/uploads\/2023\/01\/IMG_8855-683x1024.jpg\" \/>\n<meta name=\"twitter:card\" content=\"summary_large_image\" \/>\n<meta name=\"twitter:label1\" content=\"Szacowany czas czytania\" \/>\n\t<meta name=\"twitter:data1\" content=\"2 minuty\" \/>\n<script type=\"application\/ld+json\" class=\"yoast-schema-graph\">{\"@context\":\"https:\/\/schema.org\",\"@graph\":[{\"@type\":\"WebPage\",\"@id\":\"https:\/\/secretcraftz.com\/index.php\/about\/\",\"url\":\"https:\/\/secretcraftz.com\/index.php\/about\/\",\"name\":\"O MNIE -\",\"isPartOf\":{\"@id\":\"https:\/\/secretcraftz.com\/#website\"},\"datePublished\":\"2018-06-18T06:57:57+00:00\",\"dateModified\":\"2025-01-31T19:29:57+00:00\",\"description\":\"O MNIE uzaleznienie od welny\",\"breadcrumb\":{\"@id\":\"https:\/\/secretcraftz.com\/index.php\/about\/#breadcrumb\"},\"inLanguage\":\"pl-PL\",\"potentialAction\":[{\"@type\":\"ReadAction\",\"target\":[\"https:\/\/secretcraftz.com\/index.php\/about\/\"]}]},{\"@type\":\"BreadcrumbList\",\"@id\":\"https:\/\/secretcraftz.com\/index.php\/about\/#breadcrumb\",\"itemListElement\":[{\"@type\":\"ListItem\",\"position\":1,\"name\":\"Strona g\u0142\u00f3wna\",\"item\":\"https:\/\/secretcraftz.com\/\"},{\"@type\":\"ListItem\",\"position\":2,\"name\":\"O MNIE\"}]},{\"@type\":\"WebSite\",\"@id\":\"https:\/\/secretcraftz.com\/#website\",\"url\":\"https:\/\/secretcraftz.com\/\",\"name\":\"\",\"description\":\"\",\"publisher\":{\"@id\":\"https:\/\/secretcraftz.com\/#organization\"},\"alternateName\":\"sklepik z welnianym r\u0119kodzie\u0142em\",\"potentialAction\":[{\"@type\":\"SearchAction\",\"target\":{\"@type\":\"EntryPoint\",\"urlTemplate\":\"https:\/\/secretcraftz.com\/?s={search_term_string}\"},\"query-input\":\"required name=search_term_string\"}],\"inLanguage\":\"pl-PL\"},{\"@type\":\"Organization\",\"@id\":\"https:\/\/secretcraftz.com\/#organization\",\"name\":\"Secret craftz\",\"alternateName\":\"we\u0142niane r\u0119kodzie\u0142o\",\"url\":\"https:\/\/secretcraftz.com\/\",\"logo\":{\"@type\":\"ImageObject\",\"inLanguage\":\"pl-PL\",\"@id\":\"https:\/\/secretcraftz.com\/#\/schema\/logo\/image\/\",\"url\":\"https:\/\/secretcraftz.com\/wp-content\/uploads\/2023\/01\/cropped-cropped-SECRET-CRAFTZ-2-1.png\",\"contentUrl\":\"https:\/\/secretcraftz.com\/wp-content\/uploads\/2023\/01\/cropped-cropped-SECRET-CRAFTZ-2-1.png\",\"width\":275,\"height\":152,\"caption\":\"Secret craftz\"},\"image\":{\"@id\":\"https:\/\/secretcraftz.com\/#\/schema\/logo\/image\/\"},\"sameAs\":[\"https:\/\/www.instagram.com\/secretcraftz\/\"]}]}<\/script>\n<!-- \/ Yoast SEO plugin. -->","yoast_head_json":{"title":"O MNIE -","description":"O MNIE uzaleznienie od welny","robots":{"index":"index","follow":"follow","max-snippet":"max-snippet:-1","max-image-preview":"max-image-preview:large","max-video-preview":"max-video-preview:-1"},"canonical":"https:\/\/secretcraftz.com\/index.php\/about\/","og_locale":"pl_PL","og_type":"article","og_title":"O MNIE -","og_description":"O MNIE uzaleznienie od welny","og_url":"https:\/\/secretcraftz.com\/index.php\/about\/","article_modified_time":"2025-01-31T19:29:57+00:00","og_image":[{"url":"https:\/\/secretcraftz.com\/wp-content\/uploads\/2023\/01\/IMG_8855-683x1024.jpg"}],"twitter_card":"summary_large_image","twitter_misc":{"Szacowany czas czytania":"2 minuty"},"schema":{"@context":"https:\/\/schema.org","@graph":[{"@type":"WebPage","@id":"https:\/\/secretcraftz.com\/index.php\/about\/","url":"https:\/\/secretcraftz.com\/index.php\/about\/","name":"O MNIE -","isPartOf":{"@id":"https:\/\/secretcraftz.com\/#website"},"datePublished":"2018-06-18T06:57:57+00:00","dateModified":"2025-01-31T19:29:57+00:00","description":"O MNIE uzaleznienie od welny","breadcrumb":{"@id":"https:\/\/secretcraftz.com\/index.php\/about\/#breadcrumb"},"inLanguage":"pl-PL","potentialAction":[{"@type":"ReadAction","target":["https:\/\/secretcraftz.com\/index.php\/about\/"]}]},{"@type":"BreadcrumbList","@id":"https:\/\/secretcraftz.com\/index.php\/about\/#breadcrumb","itemListElement":[{"@type":"ListItem","position":1,"name":"Strona g\u0142\u00f3wna","item":"https:\/\/secretcraftz.com\/"},{"@type":"ListItem","position":2,"name":"O MNIE"}]},{"@type":"WebSite","@id":"https:\/\/secretcraftz.com\/#website","url":"https:\/\/secretcraftz.com\/","name":"","description":"","publisher":{"@id":"https:\/\/secretcraftz.com\/#organization"},"alternateName":"sklepik z welnianym r\u0119kodzie\u0142em","potentialAction":[{"@type":"SearchAction","target":{"@type":"EntryPoint","urlTemplate":"https:\/\/secretcraftz.com\/?s={search_term_string}"},"query-input":"required name=search_term_string"}],"inLanguage":"pl-PL"},{"@type":"Organization","@id":"https:\/\/secretcraftz.com\/#organization","name":"Secret craftz","alternateName":"we\u0142niane r\u0119kodzie\u0142o","url":"https:\/\/secretcraftz.com\/","logo":{"@type":"ImageObject","inLanguage":"pl-PL","@id":"https:\/\/secretcraftz.com\/#\/schema\/logo\/image\/","url":"https:\/\/secretcraftz.com\/wp-content\/uploads\/2023\/01\/cropped-cropped-SECRET-CRAFTZ-2-1.png","contentUrl":"https:\/\/secretcraftz.com\/wp-content\/uploads\/2023\/01\/cropped-cropped-SECRET-CRAFTZ-2-1.png","width":275,"height":152,"caption":"Secret craftz"},"image":{"@id":"https:\/\/secretcraftz.com\/#\/schema\/logo\/image\/"},"sameAs":["https:\/\/www.instagram.com\/secretcraftz\/"]}]}},"_links":{"self":[{"href":"https:\/\/secretcraftz.com\/index.php\/wp-json\/wp\/v2\/pages\/96"}],"collection":[{"href":"https:\/\/secretcraftz.com\/index.php\/wp-json\/wp\/v2\/pages"}],"about":[{"href":"https:\/\/secretcraftz.com\/index.php\/wp-json\/wp\/v2\/types\/page"}],"author":[{"embeddable":true,"href":"https:\/\/secretcraftz.com\/index.php\/wp-json\/wp\/v2\/users\/1"}],"replies":[{"embeddable":true,"href":"https:\/\/secretcraftz.com\/index.php\/wp-json\/wp\/v2\/comments?post=96"}],"version-history":[{"count":136,"href":"https:\/\/secretcraftz.com\/index.php\/wp-json\/wp\/v2\/pages\/96\/revisions"}],"predecessor-version":[{"id":6075,"href":"https:\/\/secretcraftz.com\/index.php\/wp-json\/wp\/v2\/pages\/96\/revisions\/6075"}],"wp:attachment":[{"href":"https:\/\/secretcraftz.com\/index.php\/wp-json\/wp\/v2\/media?parent=96"}],"curies":[{"name":"wp","href":"https:\/\/api.w.org\/{rel}","templated":true}]}}